{"id":1329,"date":"2021-04-19T17:21:49","date_gmt":"2021-04-19T15:21:49","guid":{"rendered":"https:\/\/www.giteexperience.com\/?page_id=1329"},"modified":"2021-04-19T17:29:20","modified_gmt":"2021-04-19T15:29:20","slug":"plan-du-site","status":"publish","type":"page","link":"https:\/\/www.giteexperience.com\/el\/plan-du-site\/","title":{"rendered":"Site map"},"content":{"rendered":"<div data-elementor-type=\"wp-page\" data-elementor-id=\"1329\" class=\"elementor elementor-1329\">\n\t\t\t\t\t\t<section class=\"elementor-section elementor-top-section elementor-element elementor-element-eb9bdd8 elementor-section-boxed elementor-section-height-default elementor-section-height-default\" data-id=\"eb9bdd8\" data-element_type=\"section\">\n\t\t\t\t\t\t<div class=\"elementor-container elementor-column-gap-default\">\n\t\t\t\t\t<div class=\"elementor-column elementor-col-100 elementor-top-column elementor-element elementor-element-d4f4346\" data-id=\"d4f4346\" data-element_type=\"column\">\n\t\t\t<div class=\"elementor-widget-wrap elementor-element-populated\">\n\t\t\t\t\t\t<div class=\"elementor-element elementor-element-4178d41 elementor-widget elementor-widget-text-editor\" data-id=\"4178d41\" data-element_type=\"widget\" data-widget_type=\"text-editor.default\">\n\t\t\t\t<div class=\"elementor-widget-container\">\n\t\t\t\t\t\t\t\t\t<div class=\"wsp-container\"><h2 class=\"wsp-pages-title\">Pages<\/h2>\n<ul class=\"wsp-pages-list\">\n<li class=\"page_item page-item-2047\"><a href=\"https:\/\/www.giteexperience.com\/el\/account\/\">Account<\/a><\/li>\n<li class=\"page_item page-item-394\"><a href=\"https:\/\/www.giteexperience.com\/el\/\">\u03a4\u03bf \u03c3\u03c0\u03af\u03c4\u03b9<\/a><\/li>\n<li class=\"page_item page-item-2566\"><a href=\"https:\/\/www.giteexperience.com\/el\/apartment-with-garden\/\">Apartment with Garden<\/a><\/li>\n<li class=\"page_item page-item-2636\"><a href=\"https:\/\/www.giteexperience.com\/el\/wpbc-booking-received\/\">Booking Received<\/a><\/li>\n<li class=\"page_item page-item-393\"><a href=\"https:\/\/www.giteexperience.com\/el\/contact\/\">\u0395\u03c0\u03b9\u03ba\u03bf\u03b9\u03bd\u03c9\u03bd\u03ae\u03c3\u03c4\u03b5 \u03bc\u03b5<\/a><\/li>\n<li class=\"page_item page-item-2637\"><a href=\"https:\/\/www.giteexperience.com\/el\/wpbc-booking\/\">Formulaire de r\u00e9servation<\/a><\/li>\n<li class=\"page_item page-item-2046\"><a href=\"https:\/\/www.giteexperience.com\/el\/login\/\">Login<\/a><\/li>\n<li class=\"page_item page-item-1716\"><a href=\"https:\/\/www.giteexperience.com\/el\/merci\/\">Merci !<\/a><\/li>\n<li class=\"page_item page-item-2565\"><a href=\"https:\/\/www.giteexperience.com\/el\/our-accommodations\/\">Our Accommodations<\/a><\/li>\n<li class=\"page_item page-item-2048\"><a href=\"https:\/\/www.giteexperience.com\/el\/password-reset\/\">Password Reset<\/a><\/li>\n<li class=\"page_item page-item-1329\"><a href=\"https:\/\/www.giteexperience.com\/el\/plan-du-site\/\">Site map<\/a><\/li>\n<li class=\"page_item page-item-760\"><a href=\"https:\/\/www.giteexperience.com\/el\/politique-de-cookies-ue\/\">Politique de cookies (UE)<\/a><\/li>\n<li class=\"page_item page-item-2045\"><a href=\"https:\/\/www.giteexperience.com\/el\/register\/\">Register<\/a><\/li>\n<li class=\"page_item page-item-1253\"><a href=\"https:\/\/www.giteexperience.com\/el\/contact-reservation-gite\/\">\u039a\u03c1\u03ac\u03c4\u03b7\u03c3\u03b7\u03c2, \u03c4\u03bf b &amp; b Carpe Diem<\/a><\/li>\n<li class=\"page_item page-item-2563\"><a href=\"https:\/\/www.giteexperience.com\/el\/search\/\">Search<\/a><\/li>\n<li class=\"page_item page-item-1705\"><a href=\"https:\/\/www.giteexperience.com\/el\/votre-cheque-cadeau\/\">Votre ch\u00e8que cadeau !<\/a><\/li>\n<li class=\"page_item page-item-2564\"><a href=\"https:\/\/www.giteexperience.com\/el\/your-booking\/\">Your Booking<\/a><\/li>\n<\/ul>\n<h2 class=\"wsp-posts-title\">Posts by category<\/h2>\n<ul class=\"wsp-posts-list\">\n\t<li><strong class=\"wsp-category-title\">Category: <a href=\"https:\/\/www.giteexperience.com\/el\/category\/alsace-aventure\/\">\u0391\u03bb\u03c3\u03b1\u03c4\u03af\u03b1 \u03a0\u03b5\u03c1\u03b9\u03c0\u03ad\u03c4\u03b5\u03b9\u03b1<\/a><\/strong>\n<ul class=\"wsp-posts-list\">\t\t<li class=\"wsp-post\"><a href=\"https:\/\/www.giteexperience.com\/el\/la-tour-du-telegraphe-chappe\/\">\u039f \u03a0\u03cd\u03c1\u03b3\u03bf\u03c2 \u03c4\u03bf\u03c5 the Telegraph Chappe : \u03a0\u03c1\u03bf\u03b5\u03b9\u03b4\u03bf\u03c0\u03bf\u03af\u03b7\u03c3\u03b7-\u03c4\u03bf \u03bc\u03c5\u03c3\u03c4\u03b9\u03ba\u03cc-\u03ac\u03bc\u03c5\u03bd\u03b1 !<\/a><\/li>\n\t\t<li class=\"wsp-post\"><a href=\"https:\/\/www.giteexperience.com\/el\/le-chateau-du-haut-barr\/\">\u03a4\u03bf ch\u00e2teau du Haut-Barr virus : \u03bc\u03b9\u03b1 \u03b5\u03b9\u03ba\u03cc\u03bd\u03b1 \u03ba\u03b1\u03b9 \u039c\u03b9\u03b1 \u03bb\u03b5\u03b6\u03ac\u03bd\u03c4\u03b1 \u03c0\u03c1\u03ad\u03c0\u03b5\u03b9 \u03bd\u03b1 \u03b2\u03bb\u03ad\u03c0\u03b5\u03b9<\/a><\/li>\n\t\t<li class=\"wsp-post\"><a href=\"https:\/\/www.giteexperience.com\/el\/le-chateau-du-haut-barr-et-les-deux-geroldseck\/\">\u03a4\u03bf ch\u00e2teau du Haut-Barr \u03b9\u03cc\u03c2 \u03ba\u03b1\u03b9 \u03bf\u03b9 \u03b4\u03cd\u03bf Geroldseck<\/a><\/li>\n<\/ul><\/li>\n\t<li><strong class=\"wsp-category-title\">Category: <a href=\"https:\/\/www.giteexperience.com\/el\/category\/alsace-reposante\/\">\u0391\u03bb\u03c3\u03b1\u03c4\u03af\u03b1 \u03a7\u03b1\u03bb\u03b1\u03c1\u03c9\u03c4\u03b9\u03ba\u03cc<\/a><\/strong>\n<ul class=\"wsp-posts-list\">\t\t<li class=\"wsp-post\"><a href=\"https:\/\/www.giteexperience.com\/el\/top-10-des-activites-a-faire-autour-de-marmoutier-en-famille\/\">Top 10 des activit\u00e9s \u00e0 faire autour de Marmoutier en famille<\/a><\/li>\n\t\t<li class=\"wsp-post\"><a href=\"https:\/\/www.giteexperience.com\/el\/l-atelier-de-l-orgue\/\">L&rsquo;atelier de l&rsquo;orgue<\/a><\/li>\n\t\t<li class=\"wsp-post\"><a href=\"https:\/\/www.giteexperience.com\/el\/le-musee-lalique-une-destination-incontournable-de-la-region-dalsace\/\">Le mus\u00e9e Lalique : une destination incontournable de la r\u00e9gion d\u2019Alsace<\/a><\/li>\n\t\t<li class=\"wsp-post\"><a href=\"https:\/\/www.giteexperience.com\/el\/grand-sapin-de-la-place-de-kleber-la-ville-de-strasbourg-sest-depassee-pour-lannee-2021\/\">Grand Sapin de la place de Kleber : la Ville de Strasbourg s\u2019est d\u00e9pass\u00e9e pour l\u2019ann\u00e9e 2021<\/a><\/li>\n\t\t<li class=\"wsp-post\"><a href=\"https:\/\/www.giteexperience.com\/el\/le-port-de-plaisance-de-saverne\/\">\u03a4\u03bf marina de Saverne<\/a><\/li>\n\t\t<li class=\"wsp-post\"><a href=\"https:\/\/www.giteexperience.com\/el\/le-rocher-du-dabo\/\">\u039f \u03b2\u03c1\u03ac\u03c7\u03bf\u03c2 \u03c4\u03b7\u03c2 Dabo<\/a><\/li>\n\t\t<li class=\"wsp-post\"><a href=\"https:\/\/www.giteexperience.com\/el\/le-chateau-des-rohans-a-saverne\/\">\u03a4\u03bf ch\u00e2teau des Rohan \u03c3\u03c4\u03bf Saverne<\/a><\/li>\n\t\t<li class=\"wsp-post\"><a href=\"https:\/\/www.giteexperience.com\/el\/plan-incline-de-saint-louis-arzviller\/\">\u03a3\u03c7\u03ad\u03b4\u03b9\u03bf inclin\u00e9 de Saint-Louis-Arzviller<\/a><\/li>\n\t\t<li class=\"wsp-post\"><a href=\"https:\/\/www.giteexperience.com\/el\/l-abbaye-saint-etienne-de-marmoutier\/\">L&#039; abbaye Saint Etienne of Marmoutier<\/a><\/li>\n\t\t<li class=\"wsp-post\"><a href=\"https:\/\/www.giteexperience.com\/el\/la-grotte-de-saint-vit\/\">\u03a4\u03bf \u03c3\u03c0\u03ae\u03bb\u03b1\u03b9\u03bf \u03c4\u03bf\u03c5 Saint-Vit<\/a><\/li>\n<\/ul><\/li>\n\t<li><strong class=\"wsp-category-title\">Category: <a href=\"https:\/\/www.giteexperience.com\/el\/category\/non-classe-fr\/\">Non class\u00e9<\/a><\/strong>\n<ul class=\"wsp-posts-list\">\t\t<li class=\"wsp-post\"><a href=\"https:\/\/www.giteexperience.com\/el\/la-licorne-de-saverne-une-brasserie-alsacienne-a-succes-depuis-1845\/\">La Licorne de Saverne : une brasserie alsacienne \u00e0 succ\u00e8s depuis 1845<\/a><\/li>\n\t\t<li class=\"wsp-post\"><a href=\"https:\/\/www.giteexperience.com\/el\/top-10-des-choses-a-voir-a-saverne\/\">Top 10 des choses \u00e0 voir \u00e0 Saverne<\/a><\/li>\n\t\t<li class=\"wsp-post\"><a href=\"https:\/\/www.giteexperience.com\/el\/top-10-des-choses-a-voir-autour-de-saverne-ou-marmoutier\/\">Top 10 des choses \u00e0 voir autour de Saverne ou Marmoutier<\/a><\/li>\n<\/ul><\/li>\n\t<li><strong class=\"wsp-category-title\">Category: <a href=\"https:\/\/www.giteexperience.com\/el\/category\/gite-en-alsace\/\">Votre g\u00eete en Alsace<\/a><\/strong>\n<ul class=\"wsp-posts-list\">\t\t<li class=\"wsp-post\"><a href=\"https:\/\/www.giteexperience.com\/el\/le-pied-a-terre-comme-a-la-maison-a-marmoutier-a-cote-de-saverne\/\">Le Pied \u00e0 Terre : Comme \u00e0 la Maison \u00e0 Marmoutier \u00e0 cot\u00e9 de Saverne<\/a><\/li>\n\t\t<li class=\"wsp-post\"><a href=\"https:\/\/www.giteexperience.com\/el\/gite-marmoutier-saverne\/\">\u03a4\u03bf Carpe Diem : b &amp; b 3 \u03b1\u03c3\u03c4\u03ad\u03c1\u03c9\u03bd \u03c3\u03b5 Marmoutier \u03ba\u03bf\u03bd\u03c4\u03ac \u03c3\u03b5 Saverne<\/a><\/li>\n<\/ul><\/li>\n<\/ul>\n<h2 class=\"wsp-elementor_librarys-title\">\u03a4\u03b1 \u03a0\u03c1\u03cc\u03c4\u03c5\u03c0\u03ac \u039c\u03bf\u03c5<\/h2>\n<ul class=\"wsp-elementor_librarys-list\">\n<li><a href=\"https:\/\/www.giteexperience.com\/el\/?elementor_library=article\">Article<\/a><\/li>\n<li><a href=\"https:\/\/www.giteexperience.com\/el\/?elementor_library=categorie\">Cat\u00e9gorie<\/a><\/li>\n<li><a href=\"https:\/\/www.giteexperience.com\/el\/?elementor_library=menu\">menu<\/a><\/li>\n<li><a href=\"https:\/\/www.giteexperience.com\/el\/?elementor_library=kit-par-defaut\">Kit par d\u00e9faut<\/a><\/li>\n<\/ul>\n<\/div>\t\t\t\t\t\t\t\t<\/div>\n\t\t\t\t<\/div>\n\t\t\t\t\t<\/div>\n\t\t<\/div>\n\t\t\t\t\t<\/div>\n\t\t<\/section>\n\t\t\t\t<\/div>","protected":false},"excerpt":{"rendered":"","protected":false},"author":1,"featured_media":0,"parent":0,"menu_order":0,"comment_status":"closed","ping_status":"closed","template":"","meta":{"ocean_post_layout":"","ocean_both_sidebars_style":"","ocean_both_sidebars_content_width":0,"ocean_both_sidebars_sidebars_width":0,"ocean_sidebar":"0","ocean_second_sidebar":"0","ocean_disable_margins":"enable","ocean_add_body_class":"","ocean_shortcode_before_top_bar":"","ocean_shortcode_after_top_bar":"","ocean_shortcode_before_header":"","ocean_shortcode_after_header":"","ocean_has_shortcode":"","ocean_shortcode_after_title":"","ocean_shortcode_before_footer_widgets":"","ocean_shortcode_after_footer_widgets":"","ocean_shortcode_before_footer_bottom":"","ocean_shortcode_after_footer_bottom":"","ocean_display_top_bar":"default","ocean_display_header":"default","ocean_header_style":"","ocean_center_header_left_menu":"0","ocean_custom_header_template":"0","ocean_custom_logo":0,"ocean_custom_retina_logo":0,"ocean_custom_logo_max_width":0,"ocean_custom_logo_tablet_max_width":0,"ocean_custom_logo_mobile_max_width":0,"ocean_custom_logo_max_height":0,"ocean_custom_logo_tablet_max_height":0,"ocean_custom_logo_mobile_max_height":0,"ocean_header_custom_menu":"0","ocean_menu_typo_font_family":"0","ocean_menu_typo_font_subset":"","ocean_menu_typo_font_size":0,"ocean_menu_typo_font_size_tablet":0,"ocean_menu_typo_font_size_mobile":0,"ocean_menu_typo_font_size_unit":"px","ocean_menu_typo_font_weight":"","ocean_menu_typo_font_weight_tablet":"","ocean_menu_typo_font_weight_mobile":"","ocean_menu_typo_transform":"","ocean_menu_typo_transform_tablet":"","ocean_menu_typo_transform_mobile":"","ocean_menu_typo_line_height":0,"ocean_menu_typo_line_height_tablet":0,"ocean_menu_typo_line_height_mobile":0,"ocean_menu_typo_line_height_unit":"","ocean_menu_typo_spacing":0,"ocean_menu_typo_spacing_tablet":0,"ocean_menu_typo_spacing_mobile":0,"ocean_menu_typo_spacing_unit":"","ocean_menu_link_color":"","ocean_menu_link_color_hover":"","ocean_menu_link_color_active":"","ocean_menu_link_background":"","ocean_menu_link_hover_background":"","ocean_menu_link_active_background":"","ocean_menu_social_links_bg":"","ocean_menu_social_hover_links_bg":"","ocean_menu_social_links_color":"","ocean_menu_social_hover_links_color":"","ocean_disable_title":"default","ocean_disable_heading":"default","ocean_post_title":"","ocean_post_subheading":"","ocean_post_title_style":"","ocean_post_title_background_color":"","ocean_post_title_background":0,"ocean_post_title_bg_image_position":"","ocean_post_title_bg_image_attachment":"","ocean_post_title_bg_image_repeat":"","ocean_post_title_bg_image_size":"","ocean_post_title_height":0,"ocean_post_title_bg_overlay":0.5,"ocean_post_title_bg_overlay_color":"","ocean_disable_breadcrumbs":"default","ocean_breadcrumbs_color":"","ocean_breadcrumbs_separator_color":"","ocean_breadcrumbs_links_color":"","ocean_breadcrumbs_links_hover_color":"","ocean_display_footer_widgets":"default","ocean_display_footer_bottom":"default","ocean_custom_footer_template":"0","footnotes":""},"class_list":["post-1329","page","type-page","status-publish","hentry","entry"],"yoast_head":"<!-- This site is optimized with the Yoast SEO plugin v25.3 - https:\/\/yoast.com\/wordpress\/plugins\/seo\/ -->\n<title>Plan du site - Gite Exp\u00e9rience<\/title>\n<meta name=\"robots\" content=\"index, follow, max-snippet:-1, max-image-preview:large, max-video-preview:-1\" \/>\n<link rel=\"canonical\" href=\"http:\/\/www.giteexperience.com\/el\/plan-du-site\/\" \/>\n<meta property=\"og:locale\" content=\"el_GR\" \/>\n<meta property=\"og:type\" content=\"article\" \/>\n<meta property=\"og:title\" content=\"Plan du site - Gite Exp\u00e9rience\" \/>\n<meta property=\"og:url\" content=\"http:\/\/www.giteexperience.com\/el\/plan-du-site\/\" \/>\n<meta property=\"og:site_name\" content=\"Gite Exp\u00e9rience\" \/>\n<meta property=\"article:modified_time\" content=\"2021-04-19T15:29:20+00:00\" \/>\n<meta name=\"twitter:card\" content=\"summary_large_image\" \/>\n<meta name=\"twitter:label1\" content=\"\u0395\u03ba\u03c4\u03b9\u03bc\u03ce\u03bc\u03b5\u03bd\u03bf\u03c2 \u03c7\u03c1\u03cc\u03bd\u03bf\u03c2 \u03b1\u03bd\u03ac\u03b3\u03bd\u03c9\u03c3\u03b7\u03c2\" \/>\n\t<meta name=\"twitter:data1\" content=\"1 \u03bb\u03b5\u03c0\u03c4\u03cc\" \/>\n<script type=\"application\/ld+json\" class=\"yoast-schema-graph\">{\"@context\":\"https:\/\/schema.org\",\"@graph\":[{\"@type\":\"WebPage\",\"@id\":\"http:\/\/www.giteexperience.com\/en\/plan-du-site\/\",\"url\":\"http:\/\/www.giteexperience.com\/en\/plan-du-site\/\",\"name\":\"Plan du site - Gite Exp\u00e9rience\",\"isPartOf\":{\"@id\":\"http:\/\/www.giteexperience.com\/en\/#website\"},\"datePublished\":\"2021-04-19T15:21:49+00:00\",\"dateModified\":\"2021-04-19T15:29:20+00:00\",\"breadcrumb\":{\"@id\":\"http:\/\/www.giteexperience.com\/en\/plan-du-site\/#breadcrumb\"},\"inLanguage\":\"el\",\"potentialAction\":[{\"@type\":\"ReadAction\",\"target\":[\"http:\/\/www.giteexperience.com\/en\/plan-du-site\/\"]}]},{\"@type\":\"BreadcrumbList\",\"@id\":\"http:\/\/www.giteexperience.com\/en\/plan-du-site\/#breadcrumb\",\"itemListElement\":[{\"@type\":\"ListItem\",\"position\":1,\"name\":\"Accueil\",\"item\":\"https:\/\/www.giteexperience.com\/\"},{\"@type\":\"ListItem\",\"position\":2,\"name\":\"Plan du site\"}]},{\"@type\":\"WebSite\",\"@id\":\"http:\/\/www.giteexperience.com\/en\/#website\",\"url\":\"http:\/\/www.giteexperience.com\/en\/\",\"name\":\"G\u00eete Exp\u00e9rience\",\"description\":\"Un logement, une exp\u00e9rience, des souvernirs\",\"publisher\":{\"@id\":\"http:\/\/www.giteexperience.com\/en\/#organization\"},\"potentialAction\":[{\"@type\":\"SearchAction\",\"target\":{\"@type\":\"EntryPoint\",\"urlTemplate\":\"http:\/\/www.giteexperience.com\/en\/?s={search_term_string}\"},\"query-input\":{\"@type\":\"PropertyValueSpecification\",\"valueRequired\":true,\"valueName\":\"search_term_string\"}}],\"inLanguage\":\"el\"},{\"@type\":\"Organization\",\"@id\":\"http:\/\/www.giteexperience.com\/en\/#organization\",\"name\":\"gite exp\u00e9rience\",\"url\":\"http:\/\/www.giteexperience.com\/en\/\",\"logo\":{\"@type\":\"ImageObject\",\"inLanguage\":\"el\",\"@id\":\"http:\/\/www.giteexperience.com\/en\/#\/schema\/logo\/image\/\",\"url\":\"https:\/\/www.giteexperience.com\/wp-content\/uploads\/2021\/05\/logo.png\",\"contentUrl\":\"https:\/\/www.giteexperience.com\/wp-content\/uploads\/2021\/05\/logo.png\",\"width\":376,\"height\":55,\"caption\":\"gite exp\u00e9rience\"},\"image\":{\"@id\":\"http:\/\/www.giteexperience.com\/en\/#\/schema\/logo\/image\/\"}}]}<\/script>\n<!-- \/ Yoast SEO plugin. -->","yoast_head_json":{"title":"Plan du site - Gite Exp\u00e9rience","robots":{"index":"index","follow":"follow","max-snippet":"max-snippet:-1","max-image-preview":"max-image-preview:large","max-video-preview":"max-video-preview:-1"},"canonical":"http:\/\/www.giteexperience.com\/el\/plan-du-site\/","og_locale":"el_GR","og_type":"article","og_title":"Plan du site - Gite Exp\u00e9rience","og_url":"http:\/\/www.giteexperience.com\/el\/plan-du-site\/","og_site_name":"Gite Exp\u00e9rience","article_modified_time":"2021-04-19T15:29:20+00:00","twitter_card":"summary_large_image","twitter_misc":{"\u0395\u03ba\u03c4\u03b9\u03bc\u03ce\u03bc\u03b5\u03bd\u03bf\u03c2 \u03c7\u03c1\u03cc\u03bd\u03bf\u03c2 \u03b1\u03bd\u03ac\u03b3\u03bd\u03c9\u03c3\u03b7\u03c2":"1 \u03bb\u03b5\u03c0\u03c4\u03cc"},"schema":{"@context":"https:\/\/schema.org","@graph":[{"@type":"WebPage","@id":"http:\/\/www.giteexperience.com\/en\/plan-du-site\/","url":"http:\/\/www.giteexperience.com\/en\/plan-du-site\/","name":"Plan du site - Gite Exp\u00e9rience","isPartOf":{"@id":"http:\/\/www.giteexperience.com\/en\/#website"},"datePublished":"2021-04-19T15:21:49+00:00","dateModified":"2021-04-19T15:29:20+00:00","breadcrumb":{"@id":"http:\/\/www.giteexperience.com\/en\/plan-du-site\/#breadcrumb"},"inLanguage":"el","potentialAction":[{"@type":"ReadAction","target":["http:\/\/www.giteexperience.com\/en\/plan-du-site\/"]}]},{"@type":"BreadcrumbList","@id":"http:\/\/www.giteexperience.com\/en\/plan-du-site\/#breadcrumb","itemListElement":[{"@type":"ListItem","position":1,"name":"Accueil","item":"https:\/\/www.giteexperience.com\/"},{"@type":"ListItem","position":2,"name":"Plan du site"}]},{"@type":"WebSite","@id":"http:\/\/www.giteexperience.com\/en\/#website","url":"http:\/\/www.giteexperience.com\/en\/","name":"G\u00eete Exp\u00e9rience","description":"Un logement, une exp\u00e9rience, des souvernirs","publisher":{"@id":"http:\/\/www.giteexperience.com\/en\/#organization"},"potentialAction":[{"@type":"SearchAction","target":{"@type":"EntryPoint","urlTemplate":"http:\/\/www.giteexperience.com\/en\/?s={search_term_string}"},"query-input":{"@type":"PropertyValueSpecification","valueRequired":true,"valueName":"search_term_string"}}],"inLanguage":"el"},{"@type":"Organization","@id":"http:\/\/www.giteexperience.com\/en\/#organization","name":"gite exp\u00e9rience","url":"http:\/\/www.giteexperience.com\/en\/","logo":{"@type":"ImageObject","inLanguage":"el","@id":"http:\/\/www.giteexperience.com\/en\/#\/schema\/logo\/image\/","url":"https:\/\/www.giteexperience.com\/wp-content\/uploads\/2021\/05\/logo.png","contentUrl":"https:\/\/www.giteexperience.com\/wp-content\/uploads\/2021\/05\/logo.png","width":376,"height":55,"caption":"gite exp\u00e9rience"},"image":{"@id":"http:\/\/www.giteexperience.com\/en\/#\/schema\/logo\/image\/"}}]}},"_links":{"self":[{"href":"https:\/\/www.giteexperience.com\/el\/wp-json\/wp\/v2\/pages\/1329","targetHints":{"allow":["GET"]}}],"collection":[{"href":"https:\/\/www.giteexperience.com\/el\/wp-json\/wp\/v2\/pages"}],"about":[{"href":"https:\/\/www.giteexperience.com\/el\/wp-json\/wp\/v2\/types\/page"}],"author":[{"embeddable":true,"href":"https:\/\/www.giteexperience.com\/el\/wp-json\/wp\/v2\/users\/1"}],"replies":[{"embeddable":true,"href":"https:\/\/www.giteexperience.com\/el\/wp-json\/wp\/v2\/comments?post=1329"}],"version-history":[{"count":4,"href":"https:\/\/www.giteexperience.com\/el\/wp-json\/wp\/v2\/pages\/1329\/revisions"}],"predecessor-version":[{"id":1333,"href":"https:\/\/www.giteexperience.com\/el\/wp-json\/wp\/v2\/pages\/1329\/revisions\/1333"}],"wp:attachment":[{"href":"https:\/\/www.giteexperience.com\/el\/wp-json\/wp\/v2\/media?parent=1329"}],"curies":[{"name":"wp","href":"https:\/\/api.w.org\/{rel}","templated":true}]}}