{"id":1329,"date":"2021-04-19T17:21:49","date_gmt":"2021-04-19T15:21:49","guid":{"rendered":"https:\/\/www.giteexperience.com\/?page_id=1329"},"modified":"2021-04-19T17:29:20","modified_gmt":"2021-04-19T15:29:20","slug":"plan-du-site","status":"publish","type":"page","link":"https:\/\/www.giteexperience.com\/ru\/plan-du-site\/","title":{"rendered":"\u041a\u0430\u0440\u0442\u0430 \u0441\u0430\u0439\u0442\u0430"},"content":{"rendered":"<div data-elementor-type=\"wp-page\" data-elementor-id=\"1329\" class=\"elementor elementor-1329\">\n\t\t\t\t\t\t<section class=\"elementor-section elementor-top-section elementor-element elementor-element-eb9bdd8 elementor-section-boxed elementor-section-height-default elementor-section-height-default\" data-id=\"eb9bdd8\" data-element_type=\"section\">\n\t\t\t\t\t\t<div class=\"elementor-container elementor-column-gap-default\">\n\t\t\t\t\t<div class=\"elementor-column elementor-col-100 elementor-top-column elementor-element elementor-element-d4f4346\" data-id=\"d4f4346\" data-element_type=\"column\">\n\t\t\t<div class=\"elementor-widget-wrap elementor-element-populated\">\n\t\t\t\t\t\t<div class=\"elementor-element elementor-element-4178d41 elementor-widget elementor-widget-text-editor\" data-id=\"4178d41\" data-element_type=\"widget\" data-widget_type=\"text-editor.default\">\n\t\t\t\t<div class=\"elementor-widget-container\">\n\t\t\t\t\t\t\t\t\t<div class=\"wsp-container\"><h2 class=\"wsp-pages-title\">\u0421\u0442\u0440\u0430\u043d\u0438\u0446\u044b<\/h2>\n<ul class=\"wsp-pages-list\">\n<li class=\"page_item page-item-2047\"><a href=\"https:\/\/www.giteexperience.com\/ru\/account\/\">Account<\/a><\/li>\n<li class=\"page_item page-item-394\"><a href=\"https:\/\/www.giteexperience.com\/ru\/\">\u041f\u0440\u0438\u0435\u043c<\/a><\/li>\n<li class=\"page_item page-item-2566\"><a href=\"https:\/\/www.giteexperience.com\/ru\/apartment-with-garden\/\">Apartment with Garden<\/a><\/li>\n<li class=\"page_item page-item-2636\"><a href=\"https:\/\/www.giteexperience.com\/ru\/wpbc-booking-received\/\">Booking Received<\/a><\/li>\n<li class=\"page_item page-item-393\"><a href=\"https:\/\/www.giteexperience.com\/ru\/contact\/\">\u041a\u043e\u043d\u0442\u0430\u043a\u0442<\/a><\/li>\n<li class=\"page_item page-item-2637\"><a href=\"https:\/\/www.giteexperience.com\/ru\/wpbc-booking\/\">Formulaire de r\u00e9servation<\/a><\/li>\n<li class=\"page_item page-item-2046\"><a href=\"https:\/\/www.giteexperience.com\/ru\/login\/\">Login<\/a><\/li>\n<li class=\"page_item page-item-1716\"><a href=\"https:\/\/www.giteexperience.com\/ru\/merci\/\">Merci !<\/a><\/li>\n<li class=\"page_item page-item-2565\"><a href=\"https:\/\/www.giteexperience.com\/ru\/our-accommodations\/\">Our Accommodations<\/a><\/li>\n<li class=\"page_item page-item-2048\"><a href=\"https:\/\/www.giteexperience.com\/ru\/password-reset\/\">Password Reset<\/a><\/li>\n<li class=\"page_item page-item-1329\"><a href=\"https:\/\/www.giteexperience.com\/ru\/plan-du-site\/\">\u041a\u0430\u0440\u0442\u0430 \u0441\u0430\u0439\u0442\u0430<\/a><\/li>\n<li class=\"page_item page-item-760\"><a href=\"https:\/\/www.giteexperience.com\/ru\/politique-de-cookies-ue\/\">Politique de cookies (UE)<\/a><\/li>\n<li class=\"page_item page-item-2045\"><a href=\"https:\/\/www.giteexperience.com\/ru\/register\/\">Register<\/a><\/li>\n<li class=\"page_item page-item-1253\"><a href=\"https:\/\/www.giteexperience.com\/ru\/contact-reservation-gite\/\">\u0417\u0430\u0431\u0440\u043e\u043d\u0438\u0440\u043e\u0432\u0430\u0442\u044c gite Carpe Diem<\/a><\/li>\n<li class=\"page_item page-item-2563\"><a href=\"https:\/\/www.giteexperience.com\/ru\/search\/\">Search<\/a><\/li>\n<li class=\"page_item page-item-1705\"><a href=\"https:\/\/www.giteexperience.com\/ru\/votre-cheque-cadeau\/\">Votre ch\u00e8que cadeau !<\/a><\/li>\n<li class=\"page_item page-item-2564\"><a href=\"https:\/\/www.giteexperience.com\/ru\/your-booking\/\">Your Booking<\/a><\/li>\n<\/ul>\n<h2 class=\"wsp-posts-title\">\u0421\u0442\u0430\u0442\u044c\u0438 \u043f\u043e \u0440\u0430\u0437\u0434\u0435\u043b\u0430\u043c<\/h2>\n<ul class=\"wsp-posts-list\">\n\t<li><strong class=\"wsp-category-title\">\u0420\u0443\u0431\u0440\u0438\u043a\u0430: <a href=\"https:\/\/www.giteexperience.com\/ru\/category\/alsace-aventure\/\">\u042d\u043b\u044c\u0437\u0430\u0441 \u041f\u0440\u0438\u043a\u043b\u044e\u0447\u0435\u043d\u0438\u044f<\/a><\/strong>\n<ul class=\"wsp-posts-list\">\t\t<li class=\"wsp-post\"><a href=\"https:\/\/www.giteexperience.com\/ru\/la-tour-du-telegraphe-chappe\/\">\u0411\u0430\u0448\u043d\u044f \u0422\u0435\u043b\u0435\u0433\u0440\u0430\u0444\u0430 \u0427\u0435\u043f\u0447\u0435\u0442\u0441\u044f : \u0421\u0435\u043a\u0440\u0435\u0442\u043d\u043e\u0435 \u0432\u043d\u0438\u043c\u0430\u043d\u0438\u0435-\u043e\u0431\u043e\u0440\u043e\u043d\u0430 !<\/a><\/li>\n\t\t<li class=\"wsp-post\"><a href=\"https:\/\/www.giteexperience.com\/ru\/le-chateau-du-haut-barr\/\">\u0417\u0430\u043c\u043e\u043a \u0432\u0435\u0440\u0445\u043d\u0438\u0439 \u0431\u0430\u0440\u0440: \u043d\u0435\u043f\u0440\u0435\u0432\u0437\u043e\u0439\u0434\u0435\u043d\u043d\u044b\u0439 \u0432\u0438\u0434 \u0438 \u043b\u0435\u0433\u0435\u043d\u0434\u0430<\/a><\/li>\n\t\t<li class=\"wsp-post\"><a href=\"https:\/\/www.giteexperience.com\/ru\/le-chateau-du-haut-barr-et-les-deux-geroldseck\/\">\u0417\u0430\u043c\u043e\u043a \u0432\u0435\u0440\u0445\u043d\u0438\u0439 \u0411\u0430\u0440\u0440 \u0438 \u0434\u0432\u0430 \u0413\u0435\u0440\u043e\u043b\u044c\u0434\u0441\u0435\u043a\u0430<\/a><\/li>\n<\/ul><\/li>\n\t<li><strong class=\"wsp-category-title\">\u0420\u0443\u0431\u0440\u0438\u043a\u0430: <a href=\"https:\/\/www.giteexperience.com\/ru\/category\/alsace-reposante\/\">\u0421\u043f\u043e\u043a\u043e\u0439\u043d\u044b\u0439 \u042d\u043b\u044c\u0437\u0430\u0441<\/a><\/strong>\n<ul class=\"wsp-posts-list\">\t\t<li class=\"wsp-post\"><a href=\"https:\/\/www.giteexperience.com\/ru\/top-10-des-activites-a-faire-autour-de-marmoutier-en-famille\/\">Top 10 des activit\u00e9s \u00e0 faire autour de Marmoutier en famille<\/a><\/li>\n\t\t<li class=\"wsp-post\"><a href=\"https:\/\/www.giteexperience.com\/ru\/l-atelier-de-l-orgue\/\">L&rsquo;atelier de l&rsquo;orgue<\/a><\/li>\n\t\t<li class=\"wsp-post\"><a href=\"https:\/\/www.giteexperience.com\/ru\/le-musee-lalique-une-destination-incontournable-de-la-region-dalsace\/\">Le mus\u00e9e Lalique : une destination incontournable de la r\u00e9gion d\u2019Alsace<\/a><\/li>\n\t\t<li class=\"wsp-post\"><a href=\"https:\/\/www.giteexperience.com\/ru\/grand-sapin-de-la-place-de-kleber-la-ville-de-strasbourg-sest-depassee-pour-lannee-2021\/\">Grand Sapin de la place de Kleber : la Ville de Strasbourg s\u2019est d\u00e9pass\u00e9e pour l\u2019ann\u00e9e 2021<\/a><\/li>\n\t\t<li class=\"wsp-post\"><a href=\"https:\/\/www.giteexperience.com\/ru\/le-port-de-plaisance-de-saverne\/\">\u0413\u0430\u0432\u0430\u043d\u044c \u0421\u0430\u0432\u0435\u0440\u043d<\/a><\/li>\n\t\t<li class=\"wsp-post\"><a href=\"https:\/\/www.giteexperience.com\/ru\/le-rocher-du-dabo\/\">\u0421\u043a\u0430\u043b\u0430 \u0414\u0430\u0431\u043e<\/a><\/li>\n\t\t<li class=\"wsp-post\"><a href=\"https:\/\/www.giteexperience.com\/ru\/le-chateau-des-rohans-a-saverne\/\">\u0417\u0430\u043c\u043e\u043a \u0420\u043e\u0445\u0430\u043d \u0432 \u0421\u0430\u0432\u0435\u0440\u043d\u0435<\/a><\/li>\n\t\t<li class=\"wsp-post\"><a href=\"https:\/\/www.giteexperience.com\/ru\/plan-incline-de-saint-louis-arzviller\/\">\u041d\u0430\u043a\u043b\u043e\u043d\u043d\u0430\u044f \u043f\u043b\u043e\u0441\u043a\u043e\u0441\u0442\u044c \u0421\u0435\u043d\u0442-\u041b\u0443\u0438\u0441-\u0410\u0440\u0437\u0432\u0438\u043b\u043b\u0435\u0440<\/a><\/li>\n\t\t<li class=\"wsp-post\"><a href=\"https:\/\/www.giteexperience.com\/ru\/l-abbaye-saint-etienne-de-marmoutier\/\">\u0410\u0431\u0431\u0430\u0442\u0441\u0442\u0432\u043e \u0421\u0435\u043d\u0442-\u042d\u0442\u044c\u0435\u043d \u0434\u0435 \u041c\u0430\u0440\u043c\u0443\u0442\u044c\u0435<\/a><\/li>\n\t\t<li class=\"wsp-post\"><a href=\"https:\/\/www.giteexperience.com\/ru\/la-grotte-de-saint-vit\/\">\u041f\u0435\u0449\u0435\u0440\u0430 \u0441\u0432.<\/a><\/li>\n<\/ul><\/li>\n\t<li><strong class=\"wsp-category-title\">\u0420\u0443\u0431\u0440\u0438\u043a\u0430: <a href=\"https:\/\/www.giteexperience.com\/ru\/category\/non-classe-fr\/\">Non class\u00e9<\/a><\/strong>\n<ul class=\"wsp-posts-list\">\t\t<li class=\"wsp-post\"><a href=\"https:\/\/www.giteexperience.com\/ru\/la-licorne-de-saverne-une-brasserie-alsacienne-a-succes-depuis-1845\/\">La Licorne de Saverne : une brasserie alsacienne \u00e0 succ\u00e8s depuis 1845<\/a><\/li>\n\t\t<li class=\"wsp-post\"><a href=\"https:\/\/www.giteexperience.com\/ru\/top-10-des-choses-a-voir-a-saverne\/\">Top 10 des choses \u00e0 voir \u00e0 Saverne<\/a><\/li>\n\t\t<li class=\"wsp-post\"><a href=\"https:\/\/www.giteexperience.com\/ru\/top-10-des-choses-a-voir-autour-de-saverne-ou-marmoutier\/\">Top 10 des choses \u00e0 voir autour de Saverne ou Marmoutier<\/a><\/li>\n<\/ul><\/li>\n\t<li><strong class=\"wsp-category-title\">\u0420\u0443\u0431\u0440\u0438\u043a\u0430: <a href=\"https:\/\/www.giteexperience.com\/ru\/category\/gite-en-alsace\/\">Votre g\u00eete en Alsace<\/a><\/strong>\n<ul class=\"wsp-posts-list\">\t\t<li class=\"wsp-post\"><a href=\"https:\/\/www.giteexperience.com\/ru\/le-pied-a-terre-comme-a-la-maison-a-marmoutier-a-cote-de-saverne\/\">Le Pied \u00e0 Terre : Comme \u00e0 la Maison \u00e0 Marmoutier \u00e0 cot\u00e9 de Saverne<\/a><\/li>\n\t\t<li class=\"wsp-post\"><a href=\"https:\/\/www.giteexperience.com\/ru\/gite-marmoutier-saverne\/\">Carpe Diem: 3-\u0437\u0432\u0435\u0437\u0434\u043e\u0447\u043d\u044b\u0439 \u043e\u0442\u0435\u043b\u044c \u0432 \u041c\u0430\u0440\u043c\u0443\u0442\u044c\u0435 \u0440\u044f\u0434\u043e\u043c \u0441 \u0421\u0430\u0432\u0435\u0440\u043d<\/a><\/li>\n<\/ul><\/li>\n<\/ul>\n<h2 class=\"wsp-elementor_librarys-title\">\u041c\u043e\u0438 \u0448\u0430\u0431\u043b\u043e\u043d\u044b<\/h2>\n<ul class=\"wsp-elementor_librarys-list\">\n<li><a href=\"https:\/\/www.giteexperience.com\/ru\/?elementor_library=article\">Article<\/a><\/li>\n<li><a href=\"https:\/\/www.giteexperience.com\/ru\/?elementor_library=categorie\">Cat\u00e9gorie<\/a><\/li>\n<li><a href=\"https:\/\/www.giteexperience.com\/ru\/?elementor_library=menu\">menu<\/a><\/li>\n<li><a href=\"https:\/\/www.giteexperience.com\/ru\/?elementor_library=kit-par-defaut\">Kit par d\u00e9faut<\/a><\/li>\n<\/ul>\n<\/div>\t\t\t\t\t\t\t\t<\/div>\n\t\t\t\t<\/div>\n\t\t\t\t\t<\/div>\n\t\t<\/div>\n\t\t\t\t\t<\/div>\n\t\t<\/section>\n\t\t\t\t<\/div>","protected":false},"excerpt":{"rendered":"","protected":false},"author":1,"featured_media":0,"parent":0,"menu_order":0,"comment_status":"closed","ping_status":"closed","template":"","meta":{"ocean_post_layout":"","ocean_both_sidebars_style":"","ocean_both_sidebars_content_width":0,"ocean_both_sidebars_sidebars_width":0,"ocean_sidebar":"0","ocean_second_sidebar":"0","ocean_disable_margins":"enable","ocean_add_body_class":"","ocean_shortcode_before_top_bar":"","ocean_shortcode_after_top_bar":"","ocean_shortcode_before_header":"","ocean_shortcode_after_header":"","ocean_has_shortcode":"","ocean_shortcode_after_title":"","ocean_shortcode_before_footer_widgets":"","ocean_shortcode_after_footer_widgets":"","ocean_shortcode_before_footer_bottom":"","ocean_shortcode_after_footer_bottom":"","ocean_display_top_bar":"default","ocean_display_header":"default","ocean_header_style":"","ocean_center_header_left_menu":"0","ocean_custom_header_template":"0","ocean_custom_logo":0,"ocean_custom_retina_logo":0,"ocean_custom_logo_max_width":0,"ocean_custom_logo_tablet_max_width":0,"ocean_custom_logo_mobile_max_width":0,"ocean_custom_logo_max_height":0,"ocean_custom_logo_tablet_max_height":0,"ocean_custom_logo_mobile_max_height":0,"ocean_header_custom_menu":"0","ocean_menu_typo_font_family":"0","ocean_menu_typo_font_subset":"","ocean_menu_typo_font_size":0,"ocean_menu_typo_font_size_tablet":0,"ocean_menu_typo_font_size_mobile":0,"ocean_menu_typo_font_size_unit":"px","ocean_menu_typo_font_weight":"","ocean_menu_typo_font_weight_tablet":"","ocean_menu_typo_font_weight_mobile":"","ocean_menu_typo_transform":"","ocean_menu_typo_transform_tablet":"","ocean_menu_typo_transform_mobile":"","ocean_menu_typo_line_height":0,"ocean_menu_typo_line_height_tablet":0,"ocean_menu_typo_line_height_mobile":0,"ocean_menu_typo_line_height_unit":"","ocean_menu_typo_spacing":0,"ocean_menu_typo_spacing_tablet":0,"ocean_menu_typo_spacing_mobile":0,"ocean_menu_typo_spacing_unit":"","ocean_menu_link_color":"","ocean_menu_link_color_hover":"","ocean_menu_link_color_active":"","ocean_menu_link_background":"","ocean_menu_link_hover_background":"","ocean_menu_link_active_background":"","ocean_menu_social_links_bg":"","ocean_menu_social_hover_links_bg":"","ocean_menu_social_links_color":"","ocean_menu_social_hover_links_color":"","ocean_disable_title":"default","ocean_disable_heading":"default","ocean_post_title":"","ocean_post_subheading":"","ocean_post_title_style":"","ocean_post_title_background_color":"","ocean_post_title_background":0,"ocean_post_title_bg_image_position":"","ocean_post_title_bg_image_attachment":"","ocean_post_title_bg_image_repeat":"","ocean_post_title_bg_image_size":"","ocean_post_title_height":0,"ocean_post_title_bg_overlay":0.5,"ocean_post_title_bg_overlay_color":"","ocean_disable_breadcrumbs":"default","ocean_breadcrumbs_color":"","ocean_breadcrumbs_separator_color":"","ocean_breadcrumbs_links_color":"","ocean_breadcrumbs_links_hover_color":"","ocean_display_footer_widgets":"default","ocean_display_footer_bottom":"default","ocean_custom_footer_template":"0","footnotes":""},"class_list":["post-1329","page","type-page","status-publish","hentry","entry"],"yoast_head":"<!-- This site is optimized with the Yoast SEO plugin v25.3 - https:\/\/yoast.com\/wordpress\/plugins\/seo\/ -->\n<title>Plan du site - Gite Exp\u00e9rience<\/title>\n<meta name=\"robots\" content=\"index, follow, max-snippet:-1, max-image-preview:large, max-video-preview:-1\" \/>\n<link rel=\"canonical\" href=\"http:\/\/www.giteexperience.com\/ru\/plan-du-site\/\" \/>\n<meta property=\"og:locale\" content=\"ru_RU\" \/>\n<meta property=\"og:type\" content=\"article\" \/>\n<meta property=\"og:title\" content=\"Plan du site - Gite Exp\u00e9rience\" \/>\n<meta property=\"og:url\" content=\"http:\/\/www.giteexperience.com\/ru\/plan-du-site\/\" \/>\n<meta property=\"og:site_name\" content=\"Gite Exp\u00e9rience\" \/>\n<meta property=\"article:modified_time\" content=\"2021-04-19T15:29:20+00:00\" \/>\n<meta name=\"twitter:card\" content=\"summary_large_image\" \/>\n<meta name=\"twitter:label1\" content=\"\u041f\u0440\u0438\u043c\u0435\u0440\u043d\u043e\u0435 \u0432\u0440\u0435\u043c\u044f \u0434\u043b\u044f \u0447\u0442\u0435\u043d\u0438\u044f\" \/>\n\t<meta name=\"twitter:data1\" content=\"1 \u043c\u0438\u043d\u0443\u0442\u0430\" \/>\n<script type=\"application\/ld+json\" class=\"yoast-schema-graph\">{\"@context\":\"https:\/\/schema.org\",\"@graph\":[{\"@type\":\"WebPage\",\"@id\":\"http:\/\/www.giteexperience.com\/en\/plan-du-site\/\",\"url\":\"http:\/\/www.giteexperience.com\/en\/plan-du-site\/\",\"name\":\"Plan du site - Gite Exp\u00e9rience\",\"isPartOf\":{\"@id\":\"http:\/\/www.giteexperience.com\/en\/#website\"},\"datePublished\":\"2021-04-19T15:21:49+00:00\",\"dateModified\":\"2021-04-19T15:29:20+00:00\",\"breadcrumb\":{\"@id\":\"http:\/\/www.giteexperience.com\/en\/plan-du-site\/#breadcrumb\"},\"inLanguage\":\"ru-RU\",\"potentialAction\":[{\"@type\":\"ReadAction\",\"target\":[\"http:\/\/www.giteexperience.com\/en\/plan-du-site\/\"]}]},{\"@type\":\"BreadcrumbList\",\"@id\":\"http:\/\/www.giteexperience.com\/en\/plan-du-site\/#breadcrumb\",\"itemListElement\":[{\"@type\":\"ListItem\",\"position\":1,\"name\":\"Accueil\",\"item\":\"https:\/\/www.giteexperience.com\/\"},{\"@type\":\"ListItem\",\"position\":2,\"name\":\"Plan du site\"}]},{\"@type\":\"WebSite\",\"@id\":\"http:\/\/www.giteexperience.com\/en\/#website\",\"url\":\"http:\/\/www.giteexperience.com\/en\/\",\"name\":\"G\u00eete Exp\u00e9rience\",\"description\":\"Un logement, une exp\u00e9rience, des souvernirs\",\"publisher\":{\"@id\":\"http:\/\/www.giteexperience.com\/en\/#organization\"},\"potentialAction\":[{\"@type\":\"SearchAction\",\"target\":{\"@type\":\"EntryPoint\",\"urlTemplate\":\"http:\/\/www.giteexperience.com\/en\/?s={search_term_string}\"},\"query-input\":{\"@type\":\"PropertyValueSpecification\",\"valueRequired\":true,\"valueName\":\"search_term_string\"}}],\"inLanguage\":\"ru-RU\"},{\"@type\":\"Organization\",\"@id\":\"http:\/\/www.giteexperience.com\/en\/#organization\",\"name\":\"gite exp\u00e9rience\",\"url\":\"http:\/\/www.giteexperience.com\/en\/\",\"logo\":{\"@type\":\"ImageObject\",\"inLanguage\":\"ru-RU\",\"@id\":\"http:\/\/www.giteexperience.com\/en\/#\/schema\/logo\/image\/\",\"url\":\"https:\/\/www.giteexperience.com\/wp-content\/uploads\/2021\/05\/logo.png\",\"contentUrl\":\"https:\/\/www.giteexperience.com\/wp-content\/uploads\/2021\/05\/logo.png\",\"width\":376,\"height\":55,\"caption\":\"gite exp\u00e9rience\"},\"image\":{\"@id\":\"http:\/\/www.giteexperience.com\/en\/#\/schema\/logo\/image\/\"}}]}<\/script>\n<!-- \/ Yoast SEO plugin. -->","yoast_head_json":{"title":"Plan du site - Gite Exp\u00e9rience","robots":{"index":"index","follow":"follow","max-snippet":"max-snippet:-1","max-image-preview":"max-image-preview:large","max-video-preview":"max-video-preview:-1"},"canonical":"http:\/\/www.giteexperience.com\/ru\/plan-du-site\/","og_locale":"ru_RU","og_type":"article","og_title":"Plan du site - Gite Exp\u00e9rience","og_url":"http:\/\/www.giteexperience.com\/ru\/plan-du-site\/","og_site_name":"Gite Exp\u00e9rience","article_modified_time":"2021-04-19T15:29:20+00:00","twitter_card":"summary_large_image","twitter_misc":{"\u041f\u0440\u0438\u043c\u0435\u0440\u043d\u043e\u0435 \u0432\u0440\u0435\u043c\u044f \u0434\u043b\u044f \u0447\u0442\u0435\u043d\u0438\u044f":"1 \u043c\u0438\u043d\u0443\u0442\u0430"},"schema":{"@context":"https:\/\/schema.org","@graph":[{"@type":"WebPage","@id":"http:\/\/www.giteexperience.com\/en\/plan-du-site\/","url":"http:\/\/www.giteexperience.com\/en\/plan-du-site\/","name":"Plan du site - Gite Exp\u00e9rience","isPartOf":{"@id":"http:\/\/www.giteexperience.com\/en\/#website"},"datePublished":"2021-04-19T15:21:49+00:00","dateModified":"2021-04-19T15:29:20+00:00","breadcrumb":{"@id":"http:\/\/www.giteexperience.com\/en\/plan-du-site\/#breadcrumb"},"inLanguage":"ru-RU","potentialAction":[{"@type":"ReadAction","target":["http:\/\/www.giteexperience.com\/en\/plan-du-site\/"]}]},{"@type":"BreadcrumbList","@id":"http:\/\/www.giteexperience.com\/en\/plan-du-site\/#breadcrumb","itemListElement":[{"@type":"ListItem","position":1,"name":"Accueil","item":"https:\/\/www.giteexperience.com\/"},{"@type":"ListItem","position":2,"name":"Plan du site"}]},{"@type":"WebSite","@id":"http:\/\/www.giteexperience.com\/en\/#website","url":"http:\/\/www.giteexperience.com\/en\/","name":"G\u00eete Exp\u00e9rience","description":"Un logement, une exp\u00e9rience, des souvernirs","publisher":{"@id":"http:\/\/www.giteexperience.com\/en\/#organization"},"potentialAction":[{"@type":"SearchAction","target":{"@type":"EntryPoint","urlTemplate":"http:\/\/www.giteexperience.com\/en\/?s={search_term_string}"},"query-input":{"@type":"PropertyValueSpecification","valueRequired":true,"valueName":"search_term_string"}}],"inLanguage":"ru-RU"},{"@type":"Organization","@id":"http:\/\/www.giteexperience.com\/en\/#organization","name":"gite exp\u00e9rience","url":"http:\/\/www.giteexperience.com\/en\/","logo":{"@type":"ImageObject","inLanguage":"ru-RU","@id":"http:\/\/www.giteexperience.com\/en\/#\/schema\/logo\/image\/","url":"https:\/\/www.giteexperience.com\/wp-content\/uploads\/2021\/05\/logo.png","contentUrl":"https:\/\/www.giteexperience.com\/wp-content\/uploads\/2021\/05\/logo.png","width":376,"height":55,"caption":"gite exp\u00e9rience"},"image":{"@id":"http:\/\/www.giteexperience.com\/en\/#\/schema\/logo\/image\/"}}]}},"_links":{"self":[{"href":"https:\/\/www.giteexperience.com\/ru\/wp-json\/wp\/v2\/pages\/1329","targetHints":{"allow":["GET"]}}],"collection":[{"href":"https:\/\/www.giteexperience.com\/ru\/wp-json\/wp\/v2\/pages"}],"about":[{"href":"https:\/\/www.giteexperience.com\/ru\/wp-json\/wp\/v2\/types\/page"}],"author":[{"embeddable":true,"href":"https:\/\/www.giteexperience.com\/ru\/wp-json\/wp\/v2\/users\/1"}],"replies":[{"embeddable":true,"href":"https:\/\/www.giteexperience.com\/ru\/wp-json\/wp\/v2\/comments?post=1329"}],"version-history":[{"count":4,"href":"https:\/\/www.giteexperience.com\/ru\/wp-json\/wp\/v2\/pages\/1329\/revisions"}],"predecessor-version":[{"id":1333,"href":"https:\/\/www.giteexperience.com\/ru\/wp-json\/wp\/v2\/pages\/1329\/revisions\/1333"}],"wp:attachment":[{"href":"https:\/\/www.giteexperience.com\/ru\/wp-json\/wp\/v2\/media?parent=1329"}],"curies":[{"name":"wp","href":"https:\/\/api.w.org\/{rel}","templated":true}]}}